{"id":1369,"date":"2025-03-21T17:07:04","date_gmt":"2025-03-21T17:07:04","guid":{"rendered":"https:\/\/fhvirtualclinic.com\/health-pack-nutrition-speciality\/"},"modified":"2026-03-16T11:09:36","modified_gmt":"2026-03-16T11:09:36","slug":"health-pack-nutrition-speciality","status":"publish","type":"page","link":"https:\/\/fhvirtualclinic.com\/en\/health-pack-nutrition-speciality\/","title":{"rendered":"Health Pack \u2013 Nutrition Speciality"},"content":{"rendered":"<p>[et_pb_section fb_built=&#8221;1&#8243; admin_label=&#8221;Hero&#8221; _builder_version=&#8221;4.27.4&#8243; _module_preset=&#8221;default&#8221; background_color=&#8221;#f5f5f5&#8243; use_background_color_gradient=&#8221;on&#8221; background_color_gradient_stops=&#8221;rgba(0,0,0,0.29) 0%|rgba(255,255,255,0) 100%&#8221; background_color_gradient_overlays_image=&#8221;on&#8221; background_color_gradient_start=&#8221;rgba(0,0,0,0.5)&#8221; background_color_gradient_end=&#8221;rgba(0,0,0,0.75)&#8221; background_enable_image=&#8221;off&#8221; background_enable_mask_style=&#8221;on&#8221; background_mask_style=&#8221;caret&#8221; custom_margin=&#8221;||||false|false&#8221; custom_padding=&#8221;3vw||3vw||true|false&#8221; locked=&#8221;off&#8221; collapsed=&#8221;on&#8221; global_colors_info=&#8221;{%22#a96fe2%22:%91%22background_color%22%93}&#8221;][et_pb_row column_structure=&#8221;1_2,1_2&#8243; _builder_version=&#8221;4.27.3&#8243; _module_preset=&#8221;default&#8221; locked=&#8221;off&#8221; global_colors_info=&#8221;{}&#8221;][et_pb_column type=&#8221;1_2&#8243; _builder_version=&#8221;4.27.3&#8243; _module_preset=&#8221;default&#8221; global_colors_info=&#8221;{}&#8221;][et_pb_heading title=&#8221;Specialty Pack&#8221; _builder_version=&#8221;4.27.3&#8243; _module_preset=&#8221;default&#8221; title_level=&#8221;h4&#8243; title_font=&#8221;Montserrat|600||on|||||&#8221; title_text_color=&#8221;#c7b1d8&#8243; title_font_size=&#8221;14px&#8221; title_letter_spacing=&#8221;1px&#8221; title_line_height=&#8221;1.4em&#8221; custom_margin=&#8221;||10px||false|false&#8221; title_font_size_tablet=&#8221;13px&#8221; title_font_size_phone=&#8221;13px&#8221; title_font_size_last_edited=&#8221;on|desktop&#8221; locked=&#8221;off&#8221; global_colors_info=&#8221;{%22#dd3333%22:%91%22title_text_color%22%93}&#8221;][\/et_pb_heading][et_pb_heading title=&#8221;Nutrition&#8221; _builder_version=&#8221;4.27.3&#8243; _module_preset=&#8221;default&#8221; title_font=&#8221;Montserrat|Montserrat_weight|||||||&#8221; title_text_color=&#8221;#111111&#8243; title_font_size=&#8221;72px&#8221; title_line_height=&#8221;1.15em&#8221; custom_margin=&#8221;||1px|||&#8221; title_font_size_tablet=&#8221;40px&#8221; title_font_size_phone=&#8221;24px&#8221; title_font_size_last_edited=&#8221;on|phone&#8221; locked=&#8221;off&#8221; global_colors_info=&#8221;{}&#8221;][\/et_pb_heading][et_pb_text quote_border_color=&#8221;#a96fe2&#8243; _builder_version=&#8221;4.27.3&#8243; _module_preset=&#8221;default&#8221; text_font=&#8221;Montserrat|Montserrat_weight|||||||&#8221; text_text_color=&#8221;#000000&#8243; text_font_size=&#8221;16px&#8221; text_line_height=&#8221;1.75em&#8221; link_font=&#8221;|Montserrat_weight|||||||&#8221; link_text_color=&#8221;#dd3333&#8243; quote_font=&#8221;Montserrat|Montserrat_weight|||||||&#8221; quote_text_color=&#8221;#111111&#8243; header_font=&#8221;Montserrat|Montserrat_weight|||||||&#8221; header_text_color=&#8221;#111111&#8243; header_font_size=&#8221;72px&#8221; header_line_height=&#8221;1.15em&#8221; header_2_font=&#8221;Montserrat|Montserrat_weight|||||||&#8221; header_2_text_color=&#8221;#111111&#8243; header_2_font_size=&#8221;50px&#8221; header_2_line_height=&#8221;1.2em&#8221; header_3_font=&#8221;Montserrat|Montserrat_weight|||||||&#8221; header_3_text_color=&#8221;#111111&#8243; header_3_font_size=&#8221;32px&#8221; header_3_line_height=&#8221;1.3em&#8221; header_4_font=&#8221;Montserrat|Montserrat_weight|||||||&#8221; header_4_text_color=&#8221;#111111&#8243; header_4_font_size=&#8221;24px&#8221; header_4_line_height=&#8221;1.4em&#8221; header_5_font=&#8221;Montserrat|Montserrat_weight|||||||&#8221; header_5_text_color=&#8221;#111111&#8243; header_5_font_size=&#8221;18px&#8221; header_5_line_height=&#8221;1.4em&#8221; header_6_font=&#8221;Montserrat|Montserrat_weight|||||||&#8221; header_6_text_color=&#8221;#111111&#8243; header_6_line_height=&#8221;1.5em&#8221; custom_margin=&#8221;||||false|false&#8221; text_font_size_tablet=&#8221;15px&#8221; text_font_size_phone=&#8221;14px&#8221; text_font_size_last_edited=&#8221;on|phone&#8221; header_font_size_tablet=&#8221;40px&#8221; header_font_size_phone=&#8221;24px&#8221; header_font_size_last_edited=&#8221;on|desktop&#8221; header_2_font_size_tablet=&#8221;28px&#8221; header_2_font_size_phone=&#8221;20px&#8221; header_2_font_size_last_edited=&#8221;on|phone&#8221; header_3_font_size_tablet=&#8221;22px&#8221; header_3_font_size_phone=&#8221;17px&#8221; header_3_font_size_last_edited=&#8221;on|phone&#8221; header_4_font_size_tablet=&#8221;18px&#8221; header_4_font_size_phone=&#8221;15px&#8221; header_4_font_size_last_edited=&#8221;on|tablet&#8221; header_5_font_size_tablet=&#8221;15px&#8221; header_5_font_size_phone=&#8221;14px&#8221; header_5_font_size_last_edited=&#8221;on|desktop&#8221; header_6_font_size_tablet=&#8221;13px&#8221; header_6_font_size_phone=&#8221;13px&#8221; header_6_font_size_last_edited=&#8221;on|desktop&#8221; locked=&#8221;off&#8221; global_colors_info=&#8221;{}&#8221;]<\/p>\n<p>Nutrition is a branch of health science that focuses on assessing the relationships between food, its nutritional composition and its impact on the body. It is through this knowledge that we can define what constitutes healthy eating habits and choices, and highlight behaviours that are, or may become, harmful to health.<\/p>\n<p>[\/et_pb_text][et_pb_button button_url=&#8221;https:\/\/fhvirtualclinic.com\/wp-content\/uploads\/Pack_Especialidade_Nutricao.pdf&#8221; button_text=&#8221;Find out more&#8221; button_alignment=&#8221;left&#8221; _builder_version=&#8221;4.27.4&#8243; _module_preset=&#8221;78050f37-9059-4780-902e-cae66d2f8f5d&#8221; custom_button=&#8221;on&#8221; button_text_size=&#8221;16px&#8221; button_text_color=&#8221;#FFFFFF&#8221; button_bg_color=&#8221;#c7b1d8&#8243; button_border_color=&#8221;RGBA(255,255,255,0)&#8221; button_border_radius=&#8221;41px&#8221; button_letter_spacing=&#8221;0em&#8221; button_font=&#8221;Inter|700|||||||&#8221; button_icon=&#8221;&#x49;||divi||400&#8243; button_on_hover=&#8221;off&#8221; custom_padding=&#8221;11px|50px|11px|40px|true|false&#8221; hover_enabled=&#8221;0&#8243; locked=&#8221;off&#8221; global_colors_info=&#8221;{}&#8221; sticky_enabled=&#8221;0&#8243;][\/et_pb_button][\/et_pb_column][et_pb_column type=&#8221;1_2&#8243; _builder_version=&#8221;4.23.1&#8243; _module_preset=&#8221;default&#8221; global_colors_info=&#8221;{}&#8221;][et_pb_image src=&#8221;https:\/\/fhvirtualclinic.com\/wp-content\/uploads\/Nutricao_comprimida.jpg&#8221; alt=&#8221;Nutrition&#8221; title_text=&#8221;Nutricao_comprimida&#8221; _builder_version=&#8221;4.27.4&#8243; _module_preset=&#8221;default&#8221; border_radii=&#8221;on|6px|6px|6px|6px&#8221; box_shadow_style=&#8221;preset4&#8243; box_shadow_horizontal=&#8221;0px&#8221; box_shadow_vertical=&#8221;24px&#8221; box_shadow_blur=&#8221;72px&#8221; box_shadow_spread=&#8221;-12px&#8221; box_shadow_color=&#8221;rgba(0,0,0,0.12)&#8221; locked=&#8221;off&#8221; global_colors_info=&#8221;{}&#8221;][\/et_pb_image][\/et_pb_column][\/et_pb_row][\/et_pb_section][et_pb_section fb_built=&#8221;1&#8243; admin_label=&#8221;Timeline&#8221; _builder_version=&#8221;4.27.3&#8243; _module_preset=&#8221;default&#8221; custom_padding=&#8221;1px||3px|||&#8221; locked=&#8221;off&#8221; collapsed=&#8221;on&#8221; global_colors_info=&#8221;{}&#8221;][et_pb_row _builder_version=&#8221;4.18.0&#8243; _module_preset=&#8221;default&#8221; custom_margin=&#8221;7px|auto||auto||&#8221; custom_padding=&#8221;27px|||||&#8221; global_colors_info=&#8221;{}&#8221;][et_pb_column type=&#8221;4_4&#8243; _builder_version=&#8221;4.18.0&#8243; _module_preset=&#8221;default&#8221; global_colors_info=&#8221;{}&#8221;][et_pb_heading title=&#8221;Program Benefits&#8221; _builder_version=&#8221;4.24.2&#8243; _module_preset=&#8221;default&#8221; title_level=&#8221;h2&#8243; title_font=&#8221;Montserrat|Montserrat_weight|||||||&#8221; title_text_align=&#8221;center&#8221; title_text_color=&#8221;#111111&#8243; title_font_size=&#8221;50px&#8221; title_line_height=&#8221;1.2em&#8221; custom_margin=&#8221;||10px||false|false&#8221; title_font_size_tablet=&#8221;28px&#8221; title_font_size_phone=&#8221;20px&#8221; title_font_size_last_edited=&#8221;on|phone&#8221; locked=&#8221;off&#8221; global_colors_info=&#8221;{}&#8221;][\/et_pb_heading][et_pb_text quote_border_color=&#8221;#a96fe2&#8243; _builder_version=&#8221;4.27.3&#8243; _module_preset=&#8221;default&#8221; text_font=&#8221;Montserrat|Montserrat_weight|||||||&#8221; text_text_color=&#8221;rgba(0,0,0,0.64)&#8221; text_font_size=&#8221;16px&#8221; text_line_height=&#8221;1.75em&#8221; link_font=&#8221;|Montserrat_weight|||||||&#8221; link_text_color=&#8221;#dd3333&#8243; quote_font=&#8221;Montserrat|Montserrat_weight|||||||&#8221; quote_text_color=&#8221;#111111&#8243; header_font=&#8221;Montserrat|Montserrat_weight|||||||&#8221; header_text_color=&#8221;#111111&#8243; header_font_size=&#8221;72px&#8221; header_line_height=&#8221;1.15em&#8221; header_2_font=&#8221;Montserrat|Montserrat_weight|||||||&#8221; header_2_text_color=&#8221;#111111&#8243; header_2_font_size=&#8221;50px&#8221; header_2_line_height=&#8221;1.2em&#8221; header_3_font=&#8221;Montserrat|Montserrat_weight|||||||&#8221; header_3_text_color=&#8221;#111111&#8243; header_3_font_size=&#8221;32px&#8221; header_3_line_height=&#8221;1.3em&#8221; header_4_font=&#8221;Montserrat|Montserrat_weight|||||||&#8221; header_4_text_color=&#8221;#111111&#8243; header_4_font_size=&#8221;24px&#8221; header_4_line_height=&#8221;1.4em&#8221; header_5_font=&#8221;Montserrat|Montserrat_weight|||||||&#8221; header_5_text_color=&#8221;#111111&#8243; header_5_font_size=&#8221;18px&#8221; header_5_line_height=&#8221;1.4em&#8221; header_6_font=&#8221;Montserrat|Montserrat_weight|||||||&#8221; header_6_text_color=&#8221;#111111&#8243; header_6_line_height=&#8221;1.5em&#8221; text_orientation=&#8221;center&#8221; custom_margin=&#8221;||||false|false&#8221; text_font_size_tablet=&#8221;15px&#8221; text_font_size_phone=&#8221;14px&#8221; text_font_size_last_edited=&#8221;on|phone&#8221; header_font_size_tablet=&#8221;40px&#8221; header_font_size_phone=&#8221;24px&#8221; header_font_size_last_edited=&#8221;on|desktop&#8221; header_2_font_size_tablet=&#8221;28px&#8221; header_2_font_size_phone=&#8221;20px&#8221; header_2_font_size_last_edited=&#8221;on|phone&#8221; header_3_font_size_tablet=&#8221;22px&#8221; header_3_font_size_phone=&#8221;17px&#8221; header_3_font_size_last_edited=&#8221;on|phone&#8221; header_4_font_size_tablet=&#8221;18px&#8221; header_4_font_size_phone=&#8221;15px&#8221; header_4_font_size_last_edited=&#8221;on|tablet&#8221; header_5_font_size_tablet=&#8221;15px&#8221; header_5_font_size_phone=&#8221;14px&#8221; header_5_font_size_last_edited=&#8221;on|desktop&#8221; header_6_font_size_tablet=&#8221;13px&#8221; header_6_font_size_phone=&#8221;13px&#8221; header_6_font_size_last_edited=&#8221;on|desktop&#8221; global_colors_info=&#8221;{}&#8221;]<\/p>\n<p>Find out about the key features of our nutrition programme.<\/p>\n<p>[\/et_pb_text][\/et_pb_column][\/et_pb_row][et_pb_row column_structure=&#8221;1_3,1_3,1_3&#8243; custom_padding_last_edited=&#8221;on|tablet&#8221; _builder_version=&#8221;4.27.3&#8243; _module_preset=&#8221;default&#8221; custom_padding=&#8221;||19px|||&#8221; custom_padding_tablet=&#8221;||0px||false|false&#8221; custom_padding_phone=&#8221;||0px||false|false&#8221; locked=&#8221;off&#8221; global_colors_info=&#8221;{}&#8221;][et_pb_column type=&#8221;1_3&#8243; _builder_version=&#8221;4.18.0&#8243; _module_preset=&#8221;default&#8221; global_colors_info=&#8221;{}&#8221;][et_pb_blurb title=&#8221;Support from a specialized clinician&#8221; use_icon=&#8221;on&#8221; font_icon=&#8221;&#xf509;||fa||900&#8243; icon_color=&#8221;#E02B20&#8243; image_icon_width=&#8221;32px&#8221; icon_alignment=&#8221;left&#8221; content_max_width=&#8221;100%&#8221; _builder_version=&#8221;4.27.3&#8243; _module_preset=&#8221;default&#8221; header_font=&#8221;Montserrat|Montserrat_weight|||||||&#8221; header_text_color=&#8221;#111111&#8243; header_font_size=&#8221;18px&#8221; header_line_height=&#8221;1.4em&#8221; body_font=&#8221;Montserrat|Montserrat_weight|||||||&#8221; body_text_color=&#8221;rgba(0,0,0,0.64)&#8221; body_font_size=&#8221;16px&#8221; body_line_height=&#8221;1.75em&#8221; body_link_text_color=&#8221;#dd3333&#8243; background_mask_style=&#8221;diagonal-bars&#8221; image_icon_custom_margin=&#8221;||||false|false&#8221; image_icon_custom_padding=&#8221;||||false|false&#8221; animation=&#8221;off&#8221; header_font_size_tablet=&#8221;15px&#8221; header_font_size_phone=&#8221;16px&#8221; header_font_size_last_edited=&#8221;on|phone&#8221; body_font_size_tablet=&#8221;15px&#8221; body_font_size_phone=&#8221;14px&#8221; body_font_size_last_edited=&#8221;on|desktop&#8221; border_radii_image=&#8221;on|6px|6px|6px|6px&#8221; locked=&#8221;off&#8221; global_colors_info=&#8221;{%22#3c3a47%22:%91%22body_text_color%22,%22body_text_color%22%93,%22#0e0c19%22:%91%22header_text_color%22,%22header_text_color%22%93,%22#a96fe2%22:%91%22icon_color%22%93}&#8221;]<\/p>\n<p>You can count on the ongoing support of a nutritionist to help you set and achieve your goals: short-term, medium-term and long-term.<\/p>\n<p>[\/et_pb_blurb][\/et_pb_column][et_pb_column type=&#8221;1_3&#8243; _builder_version=&#8221;4.27.3&#8243; _module_preset=&#8221;default&#8221; global_colors_info=&#8221;{}&#8221;][et_pb_blurb title=&#8221;Personalised and ongoing support&#8221; use_icon=&#8221;on&#8221; font_icon=&#8221;&#xf0f1;||fa||900&#8243; icon_color=&#8221;#E02B20&#8243; image_icon_width=&#8221;32px&#8221; icon_alignment=&#8221;left&#8221; content_max_width=&#8221;100%&#8221; _builder_version=&#8221;4.27.3&#8243; _module_preset=&#8221;default&#8221; header_font=&#8221;Montserrat|Montserrat_weight|||||||&#8221; header_text_color=&#8221;#000000&#8243; header_font_size=&#8221;18px&#8221; header_line_height=&#8221;1.4em&#8221; body_font=&#8221;Montserrat|Montserrat_weight|||||||&#8221; body_text_color=&#8221;rgba(0,0,0,0.64)&#8221; body_font_size=&#8221;16px&#8221; body_line_height=&#8221;1.75em&#8221; body_link_text_color=&#8221;#dd3333&#8243; background_mask_style=&#8221;diagonal-bars&#8221; image_icon_custom_margin=&#8221;||||false|false&#8221; image_icon_custom_padding=&#8221;||||false|false&#8221; animation=&#8221;off&#8221; header_font_size_tablet=&#8221;15px&#8221; header_font_size_phone=&#8221;16px&#8221; header_font_size_last_edited=&#8221;on|phone&#8221; body_font_size_tablet=&#8221;15px&#8221; body_font_size_phone=&#8221;14px&#8221; body_font_size_last_edited=&#8221;on|desktop&#8221; border_radii_image=&#8221;on|6px|6px|6px|6px&#8221; global_colors_info=&#8221;{%22#3c3a47%22:%91%22body_text_color%22,%22body_text_color%22%93,%22#0e0c19%22:%91%22header_text_color%22,%22header_text_color%22%93,%22#a96fe2%22:%91%22icon_color%22%93}&#8221;]<\/p>\n<p>This support not only enables early intervention, but above all helps you adopt dietary habits that are suited to your circumstances, focused on your health, and with long-term benefits.<\/p>\n<p>[\/et_pb_blurb][\/et_pb_column][et_pb_column type=&#8221;1_3&#8243; _builder_version=&#8221;4.18.0&#8243; _module_preset=&#8221;default&#8221; global_colors_info=&#8221;{}&#8221;][et_pb_blurb title=&#8221;Management of chronic conditions and weight&#8221; use_icon=&#8221;on&#8221; font_icon=&#8221;&#xf7f5;||fa||900&#8243; icon_color=&#8221;#E02B20&#8243; image_icon_width=&#8221;32px&#8221; icon_alignment=&#8221;left&#8221; content_max_width=&#8221;100%&#8221; _builder_version=&#8221;4.27.3&#8243; _module_preset=&#8221;default&#8221; header_font=&#8221;Montserrat|Montserrat_weight|||||||&#8221; header_text_color=&#8221;#111111&#8243; header_font_size=&#8221;18px&#8221; header_line_height=&#8221;1.4em&#8221; body_font=&#8221;Montserrat|Montserrat_weight|||||||&#8221; body_text_color=&#8221;rgba(0,0,0,0.64)&#8221; body_font_size=&#8221;16px&#8221; body_line_height=&#8221;1.75em&#8221; body_link_text_color=&#8221;#dd3333&#8243; background_mask_style=&#8221;diagonal-bars&#8221; image_icon_custom_margin=&#8221;||||false|false&#8221; image_icon_custom_padding=&#8221;||||false|false&#8221; animation=&#8221;off&#8221; header_font_size_tablet=&#8221;15px&#8221; header_font_size_phone=&#8221;16px&#8221; header_font_size_last_edited=&#8221;on|phone&#8221; body_font_size_tablet=&#8221;15px&#8221; body_font_size_phone=&#8221;14px&#8221; body_font_size_last_edited=&#8221;on|desktop&#8221; border_radii_image=&#8221;on|6px|6px|6px|6px&#8221; locked=&#8221;off&#8221; global_colors_info=&#8221;{%22#3c3a47%22:%91%22body_text_color%22,%22body_text_color%22%93,%22#0e0c19%22:%91%22header_text_color%22,%22header_text_color%22%93,%22#a96fe2%22:%91%22icon_color%22%93}&#8221;]<\/p>\n<p>This package is useful for chronic conditions such as type 2 diabetes, heart problems or high blood pressure. It can also cover weight management \u2013 whether gaining or losing weight \u2013 as well as changes to your diet and dietary management, amongst other things.<\/p>\n<p>[\/et_pb_blurb][\/et_pb_column][\/et_pb_row][et_pb_row _builder_version=&#8221;4.27.3&#8243; _module_preset=&#8221;default&#8221; global_colors_info=&#8221;{}&#8221;][et_pb_column type=&#8221;4_4&#8243; _builder_version=&#8221;4.27.3&#8243; _module_preset=&#8221;default&#8221; global_colors_info=&#8221;{}&#8221;][et_pb_button button_url=&#8221;https:\/\/clientes.fh-vc.pt\/login&#8221; button_text=&#8221;Purchase the Pack&#8221; _builder_version=&#8221;4.27.3&#8243; _module_preset=&#8221;78050f37-9059-4780-902e-cae66d2f8f5d&#8221; custom_button=&#8221;on&#8221; button_text_size=&#8221;16px&#8221; button_text_color=&#8221;#FFFFFF&#8221; button_bg_color=&#8221;#ce212f&#8221; button_border_color=&#8221;RGBA(255,255,255,0)&#8221; button_border_radius=&#8221;41px&#8221; button_letter_spacing=&#8221;0em&#8221; button_font=&#8221;Inter|700|||||||&#8221; button_icon=&#8221;&#x49;||divi||400&#8243; button_on_hover=&#8221;off&#8221; custom_padding=&#8221;11px|50px|11px|40px|true|false&#8221; locked=&#8221;off&#8221; global_colors_info=&#8221;{}&#8221;][\/et_pb_button][\/et_pb_column][\/et_pb_row][\/et_pb_section][et_pb_section fb_built=&#8221;1&#8243; _builder_version=&#8221;4.27.3&#8243; _module_preset=&#8221;default&#8221; background_color=&#8221;#f2f2f2&#8243; custom_padding=&#8221;18px|||||&#8221; global_colors_info=&#8221;{}&#8221;][et_pb_row _builder_version=&#8221;4.27.3&#8243; _module_preset=&#8221;default&#8221; custom_margin=&#8221;|auto|-6px|auto||&#8221; custom_padding=&#8221;14px|||||&#8221; global_colors_info=&#8221;{}&#8221;][et_pb_column type=&#8221;4_4&#8243; _builder_version=&#8221;4.27.3&#8243; _module_preset=&#8221;default&#8221; global_colors_info=&#8221;{}&#8221;][et_pb_text _builder_version=&#8221;4.27.3&#8243; _module_preset=&#8221;default&#8221; header_font=&#8221;Montserrat|600|||||||&#8221; header_text_color=&#8221;#ce212f&#8221; header_font_size=&#8221;66px&#8221; custom_margin=&#8221;3px|||||&#8221; global_colors_info=&#8221;{}&#8221;]<\/p>\n<h1>FAQs<\/h1>\n<p>[\/et_pb_text][et_pb_accordion open_toggle_text_color=&#8221;#000000&#8243; open_toggle_background_color=&#8221;#FFFFFF&#8221; closed_toggle_background_color=&#8221;#FFFFFF&#8221; _builder_version=&#8221;4.27.3&#8243; _module_preset=&#8221;default&#8221; toggle_text_color=&#8221;#ce212f&#8221; toggle_font=&#8221;Montserrat|700|||||||&#8221; text_orientation=&#8221;left&#8221; global_colors_info=&#8221;{}&#8221;][et_pb_accordion_item title=&#8221;Who can benefit from the Nutrition Speciality Pack?&#8221; open=&#8221;on&#8221; _builder_version=&#8221;4.27.3&#8243; _module_preset=&#8221;default&#8221; body_text_color=&#8221;#000000&#8243; global_colors_info=&#8221;{}&#8221;]<\/p>\n<p>Adults who require regular support from a nutrition professional.<\/p>\n<p>[\/et_pb_accordion_item][et_pb_accordion_item title=&#8221;What can you expect from the pack?&#8221; _builder_version=&#8221;4.27.3&#8243; _module_preset=&#8221;default&#8221; global_colors_info=&#8221;{}&#8221; open=&#8221;off&#8221;]<\/p>\n<p>You can count on the ongoing support of a nutritionist to help you set and achieve your goals: short-term, medium-term and long-term. Full involvement throughout the process will demonstrate that personalised nutritional guidance \u2013 taking into account not only your metabolic needs but also your preferences \u2013 will create the bond that will maximise the results you are aiming for.<\/p>\n<p>[\/et_pb_accordion_item][et_pb_accordion_item title=&#8221;What is the advantage of this pack?&#8221; _builder_version=&#8221;4.27.3&#8243; _module_preset=&#8221;default&#8221; global_colors_info=&#8221;{}&#8221; open=&#8221;off&#8221;]<\/p>\n<p>With the Speciality Pack \u2013 Nutrition, set your goal and work closely with the nutritionist of your choice. This pack is particularly useful for chronic conditions, such as type 2 diabetes, heart problems or high blood pressure. It can also help with weight management \u2013 whether gaining or losing weight \u2013 as well as changes to your diet and meal planning, amongst other things. Ongoing nutritional support allows not only for initial correction, but above all for dietary re-education tailored to your circumstances, focused on your health, with long-term benefits.<\/p>\n<p>[\/et_pb_accordion_item][et_pb_accordion_item title=&#8221;How does it work?&#8221; _builder_version=&#8221;4.27.3&#8243; _module_preset=&#8221;default&#8221; global_colors_info=&#8221;{}&#8221; open=&#8221;off&#8221;]<\/p>\n<p>This package offers support via video consultations, at a frequency tailored to your needs and in line with your set goals. The package includes a set number of consultations (3, 4, 6 or 9). Choose the option that best suits you. You must select the nutritionist who will support you throughout the package\u2019s validity period. This choice will remain in place until the package expires.<\/p>\n<p>[\/et_pb_accordion_item][et_pb_accordion_item title=&#8221;What&apos;s the expiration date?&#8221; _builder_version=&#8221;4.27.3&#8243; _module_preset=&#8221;default&#8221; global_colors_info=&#8221;{}&#8221; open=&#8221;off&#8221;]<\/p>\n<p>The pack is valid for 12 months from the date of purchase. All video consultations must be used within the same programme; they cannot be transferred to other packs.<\/p>\n<p>[\/et_pb_accordion_item][\/et_pb_accordion][\/et_pb_column][\/et_pb_row][\/et_pb_section][et_pb_section fb_built=&#8221;1&#8243; admin_label=&#8221;Call to Action&#8221; _builder_version=&#8221;4.23.1&#8243; _module_preset=&#8221;default&#8221; custom_margin=&#8221;-41px|||||&#8221; locked=&#8221;off&#8221; collapsed=&#8221;on&#8221; global_colors_info=&#8221;{}&#8221;][et_pb_row _builder_version=&#8221;4.24.3&#8243; _module_preset=&#8221;default&#8221; custom_padding=&#8221;5px|||||&#8221; global_colors_info=&#8221;{}&#8221;][et_pb_column type=&#8221;4_4&#8243; _builder_version=&#8221;4.24.3&#8243; _module_preset=&#8221;default&#8221; global_colors_info=&#8221;{}&#8221;][et_pb_cta title=&#8221;How can you purchase your Nutrition Speciality Pack?&#8221; button_url=&#8221;#&#8221; _builder_version=&#8221;4.27.3&#8243; _module_preset=&#8221;default&#8221; header_font=&#8221;Montserrat|Montserrat_weight|||||||&#8221; header_font_size=&#8221;40px&#8221; header_line_height=&#8221;1.2em&#8221; body_font=&#8221;Montserrat|Montserrat_weight|||||||&#8221; body_font_size=&#8221;18px&#8221; body_line_height=&#8221;1.75em&#8221; body_link_text_color=&#8221;#FFFFFF&#8221; background_color=&#8221;#dd3333&#8243; background_enable_color=&#8221;off&#8221; use_background_color_gradient=&#8221;on&#8221; background_color_gradient_stops=&#8221;rgba(0,0,0,0.75) 0%|rgba(0,0,0,0.75) 100%&#8221; background_color_gradient_overlays_image=&#8221;on&#8221; background_image=&#8221;https:\/\/images.unsplash.com\/photo-1573496782646-e8d943a4bdd1?ixid=M3w1ODkyNzF8MHwxfHNlYXJjaHw2fHxjb250YWN0JTIwY29uc3VsdGF0aW9uJTIwYnV0dG9ufGVufDB8MHx8fDE3MzY1MjIyMjB8MA&#038;ixlib=rb-4.0.3&#038;fm=webp&#038;fit=crop&#038;crop=entropy&#038;w=1080&#038;h=600&#038;q=20&#038;dpr=2&#8243; custom_button=&#8221;on&#8221; button_text_size=&#8221;14px&#8221; button_text_color=&#8221;#dd3333&#8243; button_bg_color=&#8221;#FFFFFF&#8221; button_border_width=&#8221;0px&#8221; button_border_radius=&#8221;100px&#8221; button_font=&#8221;Montserrat|700|||||||&#8221; button_custom_padding=&#8221;12px|24px|12px|24px|true|true&#8221; custom_padding=&#8221;5vw|60px|5vw|60px|true|true&#8221; custom_padding_tablet=&#8221;|30px||30px|true|true&#8221; custom_padding_phone=&#8221;|20px||20px|true|true&#8221; custom_padding_last_edited=&#8221;on|desktop&#8221; header_font_size_tablet=&#8221;28px&#8221; header_font_size_phone=&#8221;20px&#8221; header_font_size_last_edited=&#8221;on|phone&#8221; body_font_size_tablet=&#8221;16px&#8221; body_font_size_phone=&#8221;14px&#8221; body_font_size_last_edited=&#8221;on|phone&#8221; border_radii=&#8221;on|6px|6px|6px|6px&#8221; locked=&#8221;off&#8221; global_colors_info=&#8221;{}&#8221; text_font_size_tablet=&#8221;16px&#8221; text_font_size_phone=&#8221;14px&#8221; text_font_size_last_edited=&#8221;on|phone&#8221;]<\/p>\n<p>Atrav\u00e9s da sua \u00c1rea de Clientes ou atrav\u00e9s dos contactos: <strong>+351 965 928<\/strong> <strong>746<\/strong> e <strong>apoio.cliente@fh-vc.pt<\/strong><\/p>\n<p>[\/et_pb_cta][\/et_pb_column][\/et_pb_row][\/et_pb_section]<\/p>\n","protected":false},"excerpt":{"rendered":"<p>Nutrition is a branch of health science that focuses on assessing the relationships between food, its nutritional composition and its impact on the body. It is through this knowledge that we can define what constitutes healthy eating habits and choices, and highlight behaviours that are, or may become, harmful to health.Find out about the key [&hellip;]<\/p>\n","protected":false},"author":2,"featured_media":0,"parent":0,"menu_order":0,"comment_status":"closed","ping_status":"closed","template":"","meta":{"_et_pb_use_builder":"on","_et_pb_old_content":"","_et_gb_content_width":"","footnotes":""},"class_list":["post-1369","page","type-page","status-publish","hentry"],"_links":{"self":[{"href":"https:\/\/fhvirtualclinic.com\/en\/wp-json\/wp\/v2\/pages\/1369","targetHints":{"allow":["GET"]}}],"collection":[{"href":"https:\/\/fhvirtualclinic.com\/en\/wp-json\/wp\/v2\/pages"}],"about":[{"href":"https:\/\/fhvirtualclinic.com\/en\/wp-json\/wp\/v2\/types\/page"}],"author":[{"embeddable":true,"href":"https:\/\/fhvirtualclinic.com\/en\/wp-json\/wp\/v2\/users\/2"}],"replies":[{"embeddable":true,"href":"https:\/\/fhvirtualclinic.com\/en\/wp-json\/wp\/v2\/comments?post=1369"}],"version-history":[{"count":2,"href":"https:\/\/fhvirtualclinic.com\/en\/wp-json\/wp\/v2\/pages\/1369\/revisions"}],"predecessor-version":[{"id":1371,"href":"https:\/\/fhvirtualclinic.com\/en\/wp-json\/wp\/v2\/pages\/1369\/revisions\/1371"}],"wp:attachment":[{"href":"https:\/\/fhvirtualclinic.com\/en\/wp-json\/wp\/v2\/media?parent=1369"}],"curies":[{"name":"wp","href":"https:\/\/api.w.org\/{rel}","templated":true}]}}